{"id":248,"date":"2016-01-31T16:28:25","date_gmt":"2016-01-31T15:28:25","guid":{"rendered":"http:\/\/www.tupsicologobarcelona.com\/?page_id=248"},"modified":"2023-10-11T19:30:51","modified_gmt":"2023-10-11T17:30:51","slug":"contacte","status":"publish","type":"page","link":"https:\/\/www.tupsicologobarcelona.com\/ca\/contacte","title":{"rendered":"Contacte"},"content":{"rendered":"<p>Envia <span class=\"hps\">el seg\u00fcent<\/span> <span class=\"hps\">formulari<\/span> <span class=\"hps\">per sol\u00b7licitar<\/span> <span class=\"hps\">informaci\u00f3<\/span> <span class=\"hps\">sobre serveis<\/span> <span class=\"hps\">i<\/span> <span class=\"hps\">tractaments o<\/span> <span class=\"hps\">per demanar<\/span> <span class=\"hps\">cita.<\/span> <span class=\"hps\">Estar\u00e9<\/span> <span class=\"hps\">encantat<\/span> <span class=\"hps\">d&#8217;ajudar-te<\/span>.<\/p>\n\n<div class=\"wpcf7 no-js\" id=\"wpcf7-f250-o1\" lang=\"ca\" dir=\"ltr\" data-wpcf7-id=\"250\">\n<div class=\"screen-reader-response\"><p role=\"status\" aria-live=\"polite\" aria-atomic=\"true\"><\/p> <ul><\/ul><\/div>\n<form action=\"\/ca\/wp-json\/wp\/v2\/pages\/248#wpcf7-f250-o1\" method=\"post\" class=\"wpcf7-form init\" aria-label=\"Formulari de contacte\" novalidate=\"novalidate\" data-status=\"init\">\n<fieldset class=\"hidden-fields-container\"><input type=\"hidden\" name=\"_wpcf7\" value=\"250\" \/><input type=\"hidden\" name=\"_wpcf7_version\" value=\"6.1.4\" \/><input type=\"hidden\" name=\"_wpcf7_locale\" value=\"ca\" \/><input type=\"hidden\" name=\"_wpcf7_unit_tag\" value=\"wpcf7-f250-o1\" \/><input type=\"hidden\" name=\"_wpcf7_container_post\" value=\"0\" \/><input type=\"hidden\" name=\"_wpcf7_posted_data_hash\" value=\"\" \/><input type=\"hidden\" name=\"_wpcf7_recaptcha_response\" value=\"\" \/>\n<\/fieldset>\n<p><label><span>Nom *<\/span><span class=\"wpcf7-form-control-wrap\" data-name=\"nombre\"><input size=\"40\" maxlength=\"400\" class=\"wpcf7-form-control wpcf7-text wpcf7-validates-as-required\" aria-required=\"true\" aria-invalid=\"false\" value=\"\" type=\"text\" name=\"nombre\" \/><\/span><\/label><label><span>Correu electr\u00f2nic *<\/span><span class=\"wpcf7-form-control-wrap\" data-name=\"email\"><input size=\"40\" maxlength=\"400\" class=\"wpcf7-form-control wpcf7-email wpcf7-validates-as-required wpcf7-text wpcf7-validates-as-email\" aria-required=\"true\" aria-invalid=\"false\" value=\"\" type=\"email\" name=\"email\" \/><\/span><\/label><label><span>Tel\u00e8fon<\/span><span class=\"wpcf7-form-control-wrap\" data-name=\"phone\"><input size=\"40\" maxlength=\"400\" class=\"wpcf7-form-control wpcf7-tel wpcf7-text wpcf7-validates-as-tel\" aria-invalid=\"false\" value=\"\" type=\"tel\" name=\"phone\" \/><\/span><\/label><label><span>Missatge *<\/span><span class=\"wpcf7-form-control-wrap\" data-name=\"message\"><textarea cols=\"40\" rows=\"10\" maxlength=\"2000\" class=\"wpcf7-form-control wpcf7-textarea wpcf7-validates-as-required\" aria-required=\"true\" aria-invalid=\"false\" name=\"message\"><\/textarea><\/span><\/label><input class=\"wpcf7-form-control wpcf7-submit has-spinner boto icon-mail\" type=\"submit\" value=\"Envia\" \/>\n<\/p><div class=\"wpcf7-response-output\" aria-hidden=\"true\"><\/div>\n<\/form>\n<\/div>\n\n<p>Tamb\u00e9 em pots trobar a:<\/p>\n<ul>\n<li>Tel\u00e8fon: <a href=\"tel:+34640257433\"><strong>640 25 74 33<\/strong><\/a><\/li>\n<li>Correu electr\u00f2nic: <strong><a href=\"mailto:lluis@lluiscavalle.com\">lluis@lluiscavalle.com<\/a><\/strong><\/li>\n<li>Presencialment estem ubicats a <strong>Barcelona centre<\/strong> (zona Les Corts)<\/li>\n<\/ul>\n","protected":false},"excerpt":{"rendered":"<p>Envia el seg\u00fcent formulari per sol\u00b7licitar informaci\u00f3 sobre serveis i tractaments o per demanar cita. Estar\u00e9 encantat d&#8217;ajudar-te. Tamb\u00e9 em pots trobar a: Tel\u00e8fon: 640 25 74 33 Correu electr\u00f2nic: lluis@lluiscavalle.com Presencialment estem ubicats a Barcelona centre (zona Les Corts)<\/p>\n","protected":false},"author":1,"featured_media":0,"parent":0,"menu_order":0,"comment_status":"closed","ping_status":"closed","template":"page-contact.php","meta":{"footnotes":""},"class_list":["post-248","page","type-page","status-publish","hentry"],"_links":{"self":[{"href":"https:\/\/www.tupsicologobarcelona.com\/ca\/wp-json\/wp\/v2\/pages\/248","targetHints":{"allow":["GET"]}}],"collection":[{"href":"https:\/\/www.tupsicologobarcelona.com\/ca\/wp-json\/wp\/v2\/pages"}],"about":[{"href":"https:\/\/www.tupsicologobarcelona.com\/ca\/wp-json\/wp\/v2\/types\/page"}],"author":[{"embeddable":true,"href":"https:\/\/www.tupsicologobarcelona.com\/ca\/wp-json\/wp\/v2\/users\/1"}],"replies":[{"embeddable":true,"href":"https:\/\/www.tupsicologobarcelona.com\/ca\/wp-json\/wp\/v2\/comments?post=248"}],"version-history":[{"count":10,"href":"https:\/\/www.tupsicologobarcelona.com\/ca\/wp-json\/wp\/v2\/pages\/248\/revisions"}],"predecessor-version":[{"id":1048,"href":"https:\/\/www.tupsicologobarcelona.com\/ca\/wp-json\/wp\/v2\/pages\/248\/revisions\/1048"}],"wp:attachment":[{"href":"https:\/\/www.tupsicologobarcelona.com\/ca\/wp-json\/wp\/v2\/media?parent=248"}],"curies":[{"name":"wp","href":"https:\/\/api.w.org\/{rel}","templated":true}]}}