{"id":259,"date":"2016-01-24T11:41:02","date_gmt":"2016-01-24T10:41:02","guid":{"rendered":"http:\/\/www.tupsicologobarcelona.com\/?page_id=259"},"modified":"2018-11-16T21:00:01","modified_gmt":"2018-11-16T20:00:01","slug":"neuropsicologia","status":"publish","type":"page","link":"https:\/\/www.tupsicologobarcelona.com\/ca\/neuropsicologia","title":{"rendered":"Neuropsicologia"},"content":{"rendered":"<p>La <strong>neuropsicologia<\/strong> \u00e9s la ci\u00e8ncia que es troba entre la psicologia i la neurologia. S\u2019encarrega d\u2019estudiar el funcionament del cervell en relaci\u00f3 al nostre comportament i les funcions cognitives com, per exemple, la <strong>mem\u00f2ria<\/strong>, el <strong>llenguatge<\/strong> i l\u2019<strong>atenci\u00f3<\/strong>. Ha agafat molta import\u00e0ncia, especialment, en els casos de dany cerebral adquirit (com <strong>ictus<\/strong> o <strong>TCE<\/strong>) i de <strong>dem\u00e8ncia<\/strong>, on el funcionament cerebral s\u2019ha vist afectat.<\/p>\n<p>Des d\u2019aquesta disciplina es realitzen:<\/p>\n<ul>\n<li><strong><a href=\"http:\/\/www.tupsicologobarcelona.com\/ca\/neuropsicologia\/exploracio-neuropsicologica\">Exploracions neuropsicol\u00f2giques<\/a><\/strong>: \u00c9s a dir, avaluacions cognitives del funcionament del cervell per esbrinar quines s\u00f3n aquelles funcions que es troben alterades i quines s\u00f3n les que estan preservades. Aquesta exploraci\u00f3 \u00e9s molt necess\u00e0ria a l\u2019hora de poder establir un diagn\u00f2stic m\u00e8dic i programar un pla de tractament.<\/li>\n<li>Tractament d\u2019<strong><a href=\"http:\/\/www.tupsicologobarcelona.com\/ca\/neuropsicologia\/estimulacio-cognitiva\">estimulaci\u00f3 cognitiva<\/a><\/strong> i <strong><a href=\"http:\/\/www.tupsicologobarcelona.com\/ca\/neuropsicologia\/rehabilitacio-neuropsicologica\">rehabilitaci\u00f3 neuropsicol\u00f2gica<\/a><\/strong>: Aquests tractaments van dirigits a mantenir o, si es pot, millorar les funcions mentals per tal d\u2019aconseguir un millor funcionament en el nostre dia a dia.<\/li>\n<\/ul>\n<p>&nbsp;<\/p>\n","protected":false},"excerpt":{"rendered":"<p>La neuropsicologia \u00e9s la ci\u00e8ncia que es troba entre la psicologia i la neurologia. S\u2019encarrega d\u2019estudiar el funcionament del cervell en relaci\u00f3 al nostre comportament i les funcions cognitives com, per exemple, la mem\u00f2ria, el llenguatge i l\u2019atenci\u00f3. Ha agafat molta import\u00e0ncia, especialment, en els casos de dany cerebral adquirit (com ictus o TCE) i [&hellip;]<\/p>\n","protected":false},"author":1,"featured_media":170,"parent":0,"menu_order":0,"comment_status":"closed","ping_status":"closed","template":"","meta":{"footnotes":""},"class_list":["post-259","page","type-page","status-publish","has-post-thumbnail","hentry"],"_links":{"self":[{"href":"https:\/\/www.tupsicologobarcelona.com\/ca\/wp-json\/wp\/v2\/pages\/259","targetHints":{"allow":["GET"]}}],"collection":[{"href":"https:\/\/www.tupsicologobarcelona.com\/ca\/wp-json\/wp\/v2\/pages"}],"about":[{"href":"https:\/\/www.tupsicologobarcelona.com\/ca\/wp-json\/wp\/v2\/types\/page"}],"author":[{"embeddable":true,"href":"https:\/\/www.tupsicologobarcelona.com\/ca\/wp-json\/wp\/v2\/users\/1"}],"replies":[{"embeddable":true,"href":"https:\/\/www.tupsicologobarcelona.com\/ca\/wp-json\/wp\/v2\/comments?post=259"}],"version-history":[{"count":3,"href":"https:\/\/www.tupsicologobarcelona.com\/ca\/wp-json\/wp\/v2\/pages\/259\/revisions"}],"predecessor-version":[{"id":754,"href":"https:\/\/www.tupsicologobarcelona.com\/ca\/wp-json\/wp\/v2\/pages\/259\/revisions\/754"}],"wp:featuredmedia":[{"embeddable":true,"href":"https:\/\/www.tupsicologobarcelona.com\/ca\/wp-json\/wp\/v2\/media\/170"}],"wp:attachment":[{"href":"https:\/\/www.tupsicologobarcelona.com\/ca\/wp-json\/wp\/v2\/media?parent=259"}],"curies":[{"name":"wp","href":"https:\/\/api.w.org\/{rel}","templated":true}]}}