{"id":261,"date":"2016-01-24T12:31:01","date_gmt":"2016-01-24T11:31:01","guid":{"rendered":"http:\/\/www.tupsicologobarcelona.com\/?page_id=261"},"modified":"2016-02-18T09:20:28","modified_gmt":"2016-02-18T08:20:28","slug":"dislexia","status":"publish","type":"page","link":"https:\/\/www.tupsicologobarcelona.com\/ca\/neuropsicologia\/dislexia","title":{"rendered":"Disl\u00e8xia"},"content":{"rendered":"<p>La <strong>disl\u00e8xia<\/strong> \u00e9s el problema per aprendre a llegir de forma flu\u00efda i correcta que presenten alguns nens amb un coeficient intel\u00b7lectual normal i que no pateixen altres problemes f\u00edsics o psicol\u00f2gics que puguin explicar aquesta dificultat en la lectura.<\/p>\n<p>Segons algunes estad\u00edstiques extretes d\u2019estudis realitzats a l\u2019estat, la disl\u00e8xia afecta aproximadament a un 10% o 15% de la poblaci\u00f3 escolar i adulta, en igual mesura a nens i nenes.<\/p>\n<p>La disl\u00e8xia \u00e9s un problema de car\u00e0cter cr\u00f2nic, cosa que implica que les <strong>dificultats lectores<\/strong>, en major o menor mesura, es mantindran al llarg de la vida. \u00c9s per aquest motiu, que el <strong>tractament<\/strong> que es proposa va adre\u00e7at primerament a que el nen adquireixi una <strong>comprensi\u00f3 lectora correcta<\/strong> i, en la mesura del possible, es procurar\u00e0 incrementar tant com sigui possible la velocitat lectora. Aix\u00f2 es realitza a trav\u00e9s de diversos entrenaments i exercicis que van dirigits a uns objectius m\u00e9s espec\u00edfics:<\/p>\n<ul>\n<li>Adquirir consci\u00e8ncia fon\u00e8mica, la qual ens permetr\u00e0 combinar de forma adequada els sons de les lletres per interrelacionar-los correctament.<\/li>\n<li>Treballar les unitats b\u00e0siques de les paraules i adquirir la consci\u00e8ncia sil\u00b7l\u00e0bica.<\/li>\n<li>Millorar en la mesura del possible la flu\u00efdesa i verbal.<\/li>\n<li>Treballar l\u2019autoestima, l\u2019<a href=\"http:\/\/www.tupsicologobarcelona.com\/ca\/psicologia\/ansietat\">ansietat<\/a> i la preocupaci\u00f3 que pugui presentar el nen a causa de la disl\u00e8xia. No hem d\u2019oblidar que hi ha for\u00e7a casos en els que es presenten aquests s\u00edmptomes. De forma recurrent, a l\u2019escola, els nens es veuen empesos a mostrar en p\u00fablic la seva dificultat a l\u2019hora de llegir en veu alta.<\/li>\n<\/ul>\n<p>Per abordar aquestes dificultats es realitzen exercicis que impliquen el moviment del cos i l\u2019\u00fas de paper i llapis, aix\u00ed com de l&#8217;ordinador. Tanmateix \u00e9s proposen una s\u00e8rie de tasques i activitats que es realitzaran a casa de forma di\u00e0ria, ja que el tractament segueix duent-se a terme de forma cont\u00ednua fora de la consulta.<\/p>\n","protected":false},"excerpt":{"rendered":"<p>La disl\u00e8xia \u00e9s el problema per aprendre a llegir de forma flu\u00efda i correcta que presenten alguns nens amb un coeficient intel\u00b7lectual normal i que no pateixen altres problemes f\u00edsics o psicol\u00f2gics que puguin explicar aquesta dificultat en la lectura. Segons algunes estad\u00edstiques extretes d\u2019estudis realitzats a l\u2019estat, la disl\u00e8xia afecta aproximadament a un 10% [&hellip;]<\/p>\n","protected":false},"author":1,"featured_media":0,"parent":259,"menu_order":0,"comment_status":"closed","ping_status":"closed","template":"","meta":{"footnotes":""},"class_list":["post-261","page","type-page","status-publish","hentry"],"_links":{"self":[{"href":"https:\/\/www.tupsicologobarcelona.com\/ca\/wp-json\/wp\/v2\/pages\/261","targetHints":{"allow":["GET"]}}],"collection":[{"href":"https:\/\/www.tupsicologobarcelona.com\/ca\/wp-json\/wp\/v2\/pages"}],"about":[{"href":"https:\/\/www.tupsicologobarcelona.com\/ca\/wp-json\/wp\/v2\/types\/page"}],"author":[{"embeddable":true,"href":"https:\/\/www.tupsicologobarcelona.com\/ca\/wp-json\/wp\/v2\/users\/1"}],"replies":[{"embeddable":true,"href":"https:\/\/www.tupsicologobarcelona.com\/ca\/wp-json\/wp\/v2\/comments?post=261"}],"version-history":[{"count":2,"href":"https:\/\/www.tupsicologobarcelona.com\/ca\/wp-json\/wp\/v2\/pages\/261\/revisions"}],"predecessor-version":[{"id":384,"href":"https:\/\/www.tupsicologobarcelona.com\/ca\/wp-json\/wp\/v2\/pages\/261\/revisions\/384"}],"up":[{"embeddable":true,"href":"https:\/\/www.tupsicologobarcelona.com\/ca\/wp-json\/wp\/v2\/pages\/259"}],"wp:attachment":[{"href":"https:\/\/www.tupsicologobarcelona.com\/ca\/wp-json\/wp\/v2\/media?parent=261"}],"curies":[{"name":"wp","href":"https:\/\/api.w.org\/{rel}","templated":true}]}}