{"id":266,"date":"2016-01-24T12:44:19","date_gmt":"2016-01-24T11:44:19","guid":{"rendered":"http:\/\/www.tupsicologobarcelona.com\/?page_id=266"},"modified":"2016-02-18T09:20:57","modified_gmt":"2016-02-18T08:20:57","slug":"exploracio-neuropsicologica","status":"publish","type":"page","link":"https:\/\/www.tupsicologobarcelona.com\/ca\/neuropsicologia\/exploracio-neuropsicologica","title":{"rendered":"Exploraci\u00f3 neuropsicol\u00f2gica"},"content":{"rendered":"<p>Amb el nom d\u2019exploraci\u00f3 neuropsicol\u00f2gica ens referim a un conjunt de <strong>proves<\/strong> que realitza un <strong>neuropsic\u00f2leg<\/strong> per valorar les <strong>funcions mentals<\/strong> d\u2019una persona en un moment concret de la seva vida. Les <strong>funcions mentals<\/strong> s\u00f3n la <strong>mem\u00f2ria<\/strong>, el <strong>llenguatge<\/strong>, l\u2019<strong>atenci\u00f3<\/strong>, la <strong>capacitat visuoperceptiva<\/strong>, les <strong>funcions executives<\/strong>, etc. Podr\u00edem entendre una exploraci\u00f3 com la fotografia del funcionament mental de la persona.<\/p>\n<p>Molt sovint aquestes proves es realitzen perqu\u00e8 la persona ha patit alguna malaltia neurol\u00f2gica i el neur\u00f2leg demana aquesta exploraci\u00f3 per con\u00e8ixer el seu rendiment.<\/p>\n<p>En el cas de <strong>dany cerebral<\/strong>, a l\u2019hora de comen\u00e7ar un proc\u00e9s de <a href=\"http:\/\/www.tupsicologobarcelona.com\/ca\/neuropsicologia\/rehabilitacio-neuropsicologica\">rehabilitaci\u00f3 neuropsicol\u00f2gica<\/a>, necessitem fer aquestes proves per con\u00e8ixer el punt de sortida: saber quines capacitats es troben preservades, quines es troben alterades i de quina forma enfocar el tractament posterior.<\/p>\n<p>Per altra banda, en els casos de <strong>malalties neurodegeneratives<\/strong>, aquestes proves s\u2019haurien d\u2019anar realitzant al llarg del temps per anar seguint els passos de la malaltia i veure si en algun moment cal variar el pla de tractament.<\/p>\n<p>Tanmateix, per causa, segurament, de que la societat no t\u00e9 massa informaci\u00f3 sobre aquestes proves, potser no s\u2019haurien de realitzar tan sols en el cas de que ja hagi aparegut alguna malaltia que afecti al funcionament cognitiu. De la mateixa manera que tenim la cultura de fer-nos an\u00e0lisis de sang amb periodicitat, tamb\u00e9 l\u2019haur\u00edem de tenir per fer-nos una exploraci\u00f3 neurol\u00f2gica. Quan s\u2019ha produ\u00eft un dany al cervell \u00e9s m\u00e9s complicat poder saber de forma ver\u00eddica com era el rendiment d\u2019aquella persona abans de la malaltia.<\/p>\n<p>Aquest conjunt de proves es realitzen al llarg de tres sessions. Durant les dues primeres sessions \u00e9s fa una primera entrevista cl\u00ednica i es realitzen les diferents tasques. En la darrera sessi\u00f3 es fa entrega d\u2019un informe amb els resultats i es donen una s\u00e8rie de recomanacions per millorar o mantenir el funcionament mental en el rendiment m\u00e9s \u00f2ptim possible.<\/p>\n","protected":false},"excerpt":{"rendered":"<p>Amb el nom d\u2019exploraci\u00f3 neuropsicol\u00f2gica ens referim a un conjunt de proves que realitza un neuropsic\u00f2leg per valorar les funcions mentals d\u2019una persona en un moment concret de la seva vida. Les funcions mentals s\u00f3n la mem\u00f2ria, el llenguatge, l\u2019atenci\u00f3, la capacitat visuoperceptiva, les funcions executives, etc. Podr\u00edem entendre una exploraci\u00f3 com la fotografia del [&hellip;]<\/p>\n","protected":false},"author":1,"featured_media":0,"parent":259,"menu_order":0,"comment_status":"closed","ping_status":"closed","template":"","meta":{"footnotes":""},"class_list":["post-266","page","type-page","status-publish","hentry"],"_links":{"self":[{"href":"https:\/\/www.tupsicologobarcelona.com\/ca\/wp-json\/wp\/v2\/pages\/266","targetHints":{"allow":["GET"]}}],"collection":[{"href":"https:\/\/www.tupsicologobarcelona.com\/ca\/wp-json\/wp\/v2\/pages"}],"about":[{"href":"https:\/\/www.tupsicologobarcelona.com\/ca\/wp-json\/wp\/v2\/types\/page"}],"author":[{"embeddable":true,"href":"https:\/\/www.tupsicologobarcelona.com\/ca\/wp-json\/wp\/v2\/users\/1"}],"replies":[{"embeddable":true,"href":"https:\/\/www.tupsicologobarcelona.com\/ca\/wp-json\/wp\/v2\/comments?post=266"}],"version-history":[{"count":3,"href":"https:\/\/www.tupsicologobarcelona.com\/ca\/wp-json\/wp\/v2\/pages\/266\/revisions"}],"predecessor-version":[{"id":386,"href":"https:\/\/www.tupsicologobarcelona.com\/ca\/wp-json\/wp\/v2\/pages\/266\/revisions\/386"}],"up":[{"embeddable":true,"href":"https:\/\/www.tupsicologobarcelona.com\/ca\/wp-json\/wp\/v2\/pages\/259"}],"wp:attachment":[{"href":"https:\/\/www.tupsicologobarcelona.com\/ca\/wp-json\/wp\/v2\/media?parent=266"}],"curies":[{"name":"wp","href":"https:\/\/api.w.org\/{rel}","templated":true}]}}