{"id":271,"date":"2016-01-24T11:40:38","date_gmt":"2016-01-24T10:40:38","guid":{"rendered":"http:\/\/www.tupsicologobarcelona.com\/?page_id=271"},"modified":"2018-11-16T20:59:23","modified_gmt":"2018-11-16T19:59:23","slug":"psicologia","status":"publish","type":"page","link":"https:\/\/www.tupsicologobarcelona.com\/ca\/psicologia","title":{"rendered":"Psicologia"},"content":{"rendered":"<p>Des de l\u2019\u00e0rea de <strong>psicologia<\/strong>, s\u2019engloba l\u2019<strong>avaluaci\u00f3<\/strong>, el <strong>diagn\u00f2stic<\/strong> i el <strong>tractament<\/strong> dels diferents trastorns del comportament hum\u00e0 en les etapes d\u2019adolesc\u00e8ncia, adultesa i vellesa.<\/p>\n<p>L\u2019amplia majoria de tractaments que s\u2019ofereixen s\u00f3n des de la perspectiva cognitiva-conductual. Des d\u2019aquest marc es pret\u00e9n cambiar la forma del \u201ccom es pensa\u201d i del \u201ccom s\u2019actua\u201d, afavorint d\u2019aquesta manera l\u2019estat emocional. \u00a0A difer\u00e8ncia d\u2019altres ter\u00e0pies, des d\u2019aquest model ens centrem al present. M\u00e9s enll\u00e0 de buscar els possibles precipitants dels malestars emocionals, busquem resoldre els s\u00edmptomes que apareixen en el moment actual.<\/p>\n<p>Cada problema \u00e9s diferent i per tant, els <a href=\"http:\/\/www.tupsicologobarcelona.com\/ca\/preguntes-frequents\/quant-duren-els-tractaments-312\">temps de tractament<\/a> tamb\u00e9 seran diferents entre ells. No obstant, en ser ter\u00e0pies orientades a resoldre el present, acostumen a ser breus.<\/p>\n<p>&nbsp;<\/p>\n","protected":false},"excerpt":{"rendered":"<p>Des de l\u2019\u00e0rea de psicologia, s\u2019engloba l\u2019avaluaci\u00f3, el diagn\u00f2stic i el tractament dels diferents trastorns del comportament hum\u00e0 en les etapes d\u2019adolesc\u00e8ncia, adultesa i vellesa. L\u2019amplia majoria de tractaments que s\u2019ofereixen s\u00f3n des de la perspectiva cognitiva-conductual. Des d\u2019aquest marc es pret\u00e9n cambiar la forma del \u201ccom es pensa\u201d i del \u201ccom s\u2019actua\u201d, afavorint d\u2019aquesta [&hellip;]<\/p>\n","protected":false},"author":1,"featured_media":171,"parent":0,"menu_order":0,"comment_status":"closed","ping_status":"closed","template":"","meta":{"footnotes":""},"class_list":["post-271","page","type-page","status-publish","has-post-thumbnail","hentry"],"_links":{"self":[{"href":"https:\/\/www.tupsicologobarcelona.com\/ca\/wp-json\/wp\/v2\/pages\/271","targetHints":{"allow":["GET"]}}],"collection":[{"href":"https:\/\/www.tupsicologobarcelona.com\/ca\/wp-json\/wp\/v2\/pages"}],"about":[{"href":"https:\/\/www.tupsicologobarcelona.com\/ca\/wp-json\/wp\/v2\/types\/page"}],"author":[{"embeddable":true,"href":"https:\/\/www.tupsicologobarcelona.com\/ca\/wp-json\/wp\/v2\/users\/1"}],"replies":[{"embeddable":true,"href":"https:\/\/www.tupsicologobarcelona.com\/ca\/wp-json\/wp\/v2\/comments?post=271"}],"version-history":[{"count":3,"href":"https:\/\/www.tupsicologobarcelona.com\/ca\/wp-json\/wp\/v2\/pages\/271\/revisions"}],"predecessor-version":[{"id":753,"href":"https:\/\/www.tupsicologobarcelona.com\/ca\/wp-json\/wp\/v2\/pages\/271\/revisions\/753"}],"wp:featuredmedia":[{"embeddable":true,"href":"https:\/\/www.tupsicologobarcelona.com\/ca\/wp-json\/wp\/v2\/media\/171"}],"wp:attachment":[{"href":"https:\/\/www.tupsicologobarcelona.com\/ca\/wp-json\/wp\/v2\/media?parent=271"}],"curies":[{"name":"wp","href":"https:\/\/api.w.org\/{rel}","templated":true}]}}