{"id":275,"date":"2016-01-24T12:35:14","date_gmt":"2016-01-24T11:35:14","guid":{"rendered":"http:\/\/www.tupsicologobarcelona.com\/?page_id=275"},"modified":"2016-02-18T09:21:11","modified_gmt":"2016-02-18T08:21:11","slug":"rehabilitacio-neuropsicologica","status":"publish","type":"page","link":"https:\/\/www.tupsicologobarcelona.com\/ca\/neuropsicologia\/rehabilitacio-neuropsicologica","title":{"rendered":"Rehabilitaci\u00f3 neuropsicol\u00f2gica"},"content":{"rendered":"<p>\u00c9s molt com\u00fa que despr\u00e9s d\u2019haver patit un dany cerebral adquirit (un <strong>ictus<\/strong>, un <strong>traumatisme cranioencef\u00e0lic<\/strong> o <strong>TCE<\/strong>), quedin una s\u00e8rie de seq\u00fceles que poden ser f\u00edsiques o ps\u00edquiques. Per <strong>rehabilitar<\/strong> les f\u00edsiques acudim als fisioterapeutes i als terapeutes ocupacionals. Per a les ps\u00edquiques (les <strong>funcions cognitives<\/strong>) tenim la figura del logopeda (llenguatge i parla) i del <a href=\"http:\/\/www.tupsicologobarcelona.com\/ca\/neuropsicologia\">neuropsic\u00f2leg<\/a>.<\/p>\n<p>La <strong>rehabilitaci\u00f3 neuropsicol\u00f2gica<\/strong> est\u00e0 destinada a treballar sobre els <strong>d\u00e8ficits cognitius<\/strong>. \u00c9s a dir, sobre les <strong>funcions mentals<\/strong>, com per exemple la <strong>mem\u00f2ria<\/strong>, l\u2019<strong>atenci\u00f3<\/strong>, la <strong>planificaci\u00f3<\/strong>, la <strong>organitzaci\u00f3<\/strong>&#8230; El que busquem es poder restaurar, en la mesura del possible, el funcionament mental m\u00e9s \u00f2ptim que puguem esperar de la persona. Per assolir tal fita, des de la consulta s\u2019aposta per:<\/p>\n<ul>\n<li>Exercitar les funcions cognitives, a trav\u00e9s d\u2019una \u00e0mplia gamma d\u2019activitats espec\u00edfiques, amb l\u2019objectiu de millorar el rendiment d\u2019aquestes funcions.<\/li>\n<li>Entrenar a les persones en noves estrat\u00e8gies i habilitats per compensar els d\u00e8ficits persistents.<\/li>\n<li>Adaptar l\u2019entorn per fer m\u00e9s f\u00e0cil el desenvolupament de les activitats del dia a dia i, en definitiva, millorar la funcionalitat de la persona en el seu espai.<\/li>\n<\/ul>\n<p>La rehabilitaci\u00f3 es pot fer de diverses maneres: presencial, <a href=\"http:\/\/www.tupsicologobarcelona.com\/ca\/tractaments-online\/tractament-online-neuropsicologia\">a dist\u00e0ncia<\/a>, intensiva, semi intensiva&#8230; L\u2019elecci\u00f3 d\u2019una modalitat o una altra ser\u00e0 en funci\u00f3 de la pr\u00f2pia persona i les seves circumst\u00e0ncies. No obstant, totes les opcions de ter\u00e0pia tenen en com\u00fa un aspecte: la continu\u00eftat. \u00c9s important que hi hagi una const\u00e0ncia a l\u2019hora de treballar per tal de que les diferents tasques i exercicis que es vagin practicant s\u2019arribin a implementar en la vida di\u00e0ria. Com sempre m\u2019agrada dir: \u201cNo n\u2019hi ha prou amb que l\u2019entrenador marqui una rutina. El canvi l\u2019acabem fent quan cada dia anem al gimn\u00e0s a entrenar\u201d. Des de la consulta ens proposem ser els entrenadors, a l\u2019hora que pretendrem ser els motivadors.<\/p>\n","protected":false},"excerpt":{"rendered":"<p>\u00c9s molt com\u00fa que despr\u00e9s d\u2019haver patit un dany cerebral adquirit (un ictus, un traumatisme cranioencef\u00e0lic o TCE), quedin una s\u00e8rie de seq\u00fceles que poden ser f\u00edsiques o ps\u00edquiques. Per rehabilitar les f\u00edsiques acudim als fisioterapeutes i als terapeutes ocupacionals. Per a les ps\u00edquiques (les funcions cognitives) tenim la figura del logopeda (llenguatge i parla) [&hellip;]<\/p>\n","protected":false},"author":1,"featured_media":0,"parent":259,"menu_order":0,"comment_status":"closed","ping_status":"closed","template":"","meta":{"footnotes":""},"class_list":["post-275","page","type-page","status-publish","hentry"],"_links":{"self":[{"href":"https:\/\/www.tupsicologobarcelona.com\/ca\/wp-json\/wp\/v2\/pages\/275","targetHints":{"allow":["GET"]}}],"collection":[{"href":"https:\/\/www.tupsicologobarcelona.com\/ca\/wp-json\/wp\/v2\/pages"}],"about":[{"href":"https:\/\/www.tupsicologobarcelona.com\/ca\/wp-json\/wp\/v2\/types\/page"}],"author":[{"embeddable":true,"href":"https:\/\/www.tupsicologobarcelona.com\/ca\/wp-json\/wp\/v2\/users\/1"}],"replies":[{"embeddable":true,"href":"https:\/\/www.tupsicologobarcelona.com\/ca\/wp-json\/wp\/v2\/comments?post=275"}],"version-history":[{"count":4,"href":"https:\/\/www.tupsicologobarcelona.com\/ca\/wp-json\/wp\/v2\/pages\/275\/revisions"}],"predecessor-version":[{"id":389,"href":"https:\/\/www.tupsicologobarcelona.com\/ca\/wp-json\/wp\/v2\/pages\/275\/revisions\/389"}],"up":[{"embeddable":true,"href":"https:\/\/www.tupsicologobarcelona.com\/ca\/wp-json\/wp\/v2\/pages\/259"}],"wp:attachment":[{"href":"https:\/\/www.tupsicologobarcelona.com\/ca\/wp-json\/wp\/v2\/media?parent=275"}],"curies":[{"name":"wp","href":"https:\/\/api.w.org\/{rel}","templated":true}]}}