{"id":292,"date":"2016-01-24T12:09:04","date_gmt":"2016-01-24T11:09:04","guid":{"rendered":"http:\/\/www.tupsicologobarcelona.com\/?page_id=292"},"modified":"2016-02-12T14:01:02","modified_gmt":"2016-02-12T13:01:02","slug":"trastorn-obsessiu-compulsiu","status":"publish","type":"page","link":"https:\/\/www.tupsicologobarcelona.com\/ca\/psicologia\/trastorn-obsessiu-compulsiu","title":{"rendered":"Trastorn obsessiu compulsiu"},"content":{"rendered":"<p>Una forma pr\u00e0ctica de descriure el <strong>TOC<\/strong> seria dient que \u00e9s similar a les supersticions, els rituals o les cartes del tarot. El <strong>trastorn obsessiu compulsiu<\/strong> es basa en creences m\u00e0giques que no tenen sentit en la realitat.<\/p>\n<p>Generalment el TOC o trastorn obsessiu compulsiu, es composa de dues parts. En la primera la persona t\u00e9 <strong>obsessions<\/strong> en forma de pensaments pertorbadors, imatges o impulsos que es fiquen en la ment encara que la persona no ho vulgui. I, tot i que la persona pensi que s\u00f3n idees sense sentit, aquestes es repeteixen una vegada i una altra. Les obsessions poden prendre moltes formes diferents. Les persones poden tenir pensaments de contaminar-se, de fer mal als altres, de car\u00e0cter sexual, religi\u00f3s&#8230; \u00c9s important tenir present que en el cas del TOC, qui ho pateix no t\u00e9 cap tipus de desig d\u2019actuar mogut per aquests pensaments. La repetici\u00f3 d\u2019aquestes obsessions \u00e9s el que porta la persona a patir <strong>compulsions<\/strong>, que s\u00f3n la segona part del trastorn. Les compulsions s\u00f3n impulsos irresistibles que el pacient t\u00e9, comportant-se d\u2019una determinada manera una vegada i una altra.<\/p>\n<p>Depenent dels casos, hi ha vegades que els <strong>rituals<\/strong> (se\u2019n diu aix\u00ed de les compulsions que realitzen) ocupen bona part del dia. Quan la persona t\u00e9 un pensament que produeix <a href=\"http:\/\/www.tupsicologobarcelona.com\/ca\/psicologia\/ansietat\">ansietat<\/a> o angoixa, la \u201cveu interna\u201d del TOC diu que ha de repetir una determinada acci\u00f3 un seguit de vegades perqu\u00e8 el pensament marxi. Realitzar aquests rituals genera molts cops frustraci\u00f3 o vergonya i suposa una gran p\u00e8rdua de temps, per\u00f2 \u00e9s el mecanisme que empren per reduir l\u2019ansietat que va associada a aquests pensaments intrusius.<\/p>\n<p>Pel que fa al <strong>tractament,<\/strong> des de la consulta s\u2019aposta pel m\u00e8tode que m\u00e9s efic\u00e0cia ha demostrat al llarg dels anys: l\u2019<strong>exposici\u00f3 amb prevenci\u00f3 de resposta<\/strong>. Aquest m\u00e8tode pret\u00e9n exposar al pacient als pensaments o situacions temudes, evitant realitzar els rituals habituals amb ajudes i estrat\u00e8gies que s\u2019ofereixen al llarg de les sessions.<\/p>\n","protected":false},"excerpt":{"rendered":"<p>Una forma pr\u00e0ctica de descriure el TOC seria dient que \u00e9s similar a les supersticions, els rituals o les cartes del tarot. El trastorn obsessiu compulsiu es basa en creences m\u00e0giques que no tenen sentit en la realitat. Generalment el TOC o trastorn obsessiu compulsiu, es composa de dues parts. En la primera la persona [&hellip;]<\/p>\n","protected":false},"author":1,"featured_media":0,"parent":271,"menu_order":0,"comment_status":"closed","ping_status":"closed","template":"","meta":{"footnotes":""},"class_list":["post-292","page","type-page","status-publish","hentry"],"_links":{"self":[{"href":"https:\/\/www.tupsicologobarcelona.com\/ca\/wp-json\/wp\/v2\/pages\/292","targetHints":{"allow":["GET"]}}],"collection":[{"href":"https:\/\/www.tupsicologobarcelona.com\/ca\/wp-json\/wp\/v2\/pages"}],"about":[{"href":"https:\/\/www.tupsicologobarcelona.com\/ca\/wp-json\/wp\/v2\/types\/page"}],"author":[{"embeddable":true,"href":"https:\/\/www.tupsicologobarcelona.com\/ca\/wp-json\/wp\/v2\/users\/1"}],"replies":[{"embeddable":true,"href":"https:\/\/www.tupsicologobarcelona.com\/ca\/wp-json\/wp\/v2\/comments?post=292"}],"version-history":[{"count":2,"href":"https:\/\/www.tupsicologobarcelona.com\/ca\/wp-json\/wp\/v2\/pages\/292\/revisions"}],"predecessor-version":[{"id":407,"href":"https:\/\/www.tupsicologobarcelona.com\/ca\/wp-json\/wp\/v2\/pages\/292\/revisions\/407"}],"up":[{"embeddable":true,"href":"https:\/\/www.tupsicologobarcelona.com\/ca\/wp-json\/wp\/v2\/pages\/271"}],"wp:attachment":[{"href":"https:\/\/www.tupsicologobarcelona.com\/ca\/wp-json\/wp\/v2\/media?parent=292"}],"curies":[{"name":"wp","href":"https:\/\/api.w.org\/{rel}","templated":true}]}}