{"id":294,"date":"2016-01-24T12:14:17","date_gmt":"2016-01-24T11:14:17","guid":{"rendered":"http:\/\/www.tupsicologobarcelona.com\/?page_id=294"},"modified":"2016-02-14T20:01:28","modified_gmt":"2016-02-14T19:01:28","slug":"trastorn-per-estres-posttraumatic","status":"publish","type":"page","link":"https:\/\/www.tupsicologobarcelona.com\/ca\/psicologia\/trastorn-per-estres-posttraumatic","title":{"rendered":"Trastorn per estr\u00e8s posttraum\u00e0tic"},"content":{"rendered":"<p>Quan una persona ha patit una situaci\u00f3 de molta por, ansietat o angoixa, quan ha sentit que d\u2019alguna manera la seva vida podria haver estat en algun perill, \u00e9s pot precipitar un <strong>trastorn per estr\u00e8s posttraum\u00e0tic<\/strong> o<strong> TEPT<\/strong>. Aquest trastorn es caracteritza per records o somnis intrusius recurrents que apareixen en forma de pensaments o imatges. Els records que s\u2019experimenten s\u00f3n reviscuts de forma molt intensa, de tal manera que la persona pot sentir que la situaci\u00f3 s\u2019est\u00e0 produint de nou. <strong>Il\u00b7lusions<\/strong> i <strong>al\u00b7lucinacions visuals<\/strong>, produ\u00efdes pels <em>flashbacks<\/em> s\u00f3n caracter\u00edstiques for\u00e7a comunes d\u2019aquest trastorn.<\/p>\n<p>El record per\u00f2, no ho \u00e9s tot. Al tornar a experimentar l\u2019episodi traum\u00e0tic tamb\u00e9 es reviuen de nou els s\u00edmptomes que s\u2019havien sentit en aquella situaci\u00f3, fet que produeix un malestar psicol\u00f2gic intens i persistent. Malgrat els esfor\u00e7os per reduir o evitar els pensaments, aquests acaben apareixent. A causa de la p\u00e8rdua de control sobre l\u2019aparici\u00f3 d\u2019aquests pensaments, la persona evita situacions, contextos, persones, h\u00e0bits o rutines que tenia en el passat. El resultat \u00e9s que cada cop es veu m\u00e9s redu\u00eft i limitat el seu ritme i estil de vida.<\/p>\n<p>Potser ens podem preguntar: com \u00e9s que davant d\u2019una mateixa situaci\u00f3 traum\u00e0tica, una persona pot sobreposar-se i refer-se i, en canvi, una altra acaba patint seq\u00fceles en forma de trastorn per estr\u00e8s posttraum\u00e0tic? La resposta \u00e9s que tots disposem de forma innata d\u2019uns canals que processen els successos del nostre dia a dia. No obstant, pot passar que en algunes ocasions, per un estat d\u2019<a href=\"http:\/\/www.tupsicologobarcelona.com\/ca\/psicologia\/ansietat\">ansietat<\/a> elevat, aquests canals es bloquegin i no processin una informaci\u00f3. D\u2019aquesta manera, l\u2019experi\u00e8ncia queda enregistrada en un grup neuronal molt espec\u00edfic i que s\u2019activa de forma repetida. \u00c9s el que succeeix en el trastorn per estr\u00e8s posttraum\u00e0tic.<\/p>\n<p>Des de la consulta es treballa aquest trastorn amb el <strong>tractament<\/strong> de primera elecci\u00f3, que ha demostrat la major efic\u00e0cia terap\u00e8utica quant a resultats i brevetat. Es tracta de la <strong>dessensibilitzaci\u00f3<\/strong> i <strong>reprocessament per moviments oculars<\/strong> (<strong><a href=\"http:\/\/www.tupsicologobarcelona.com\/ca\/preguntes-frequents\/que-es-emdr-364\">EMDR<\/a><\/strong>)<strong>,<\/strong> una t\u00e8cnica psicoterap\u00e8utica creada fa uns 25 anys als Estats Units. Amb l\u2019ajuda d\u2019aquesta eina es desbloquegen els canals encarregats del processament de la informaci\u00f3 i aix\u00f2 permet elaborar la situaci\u00f3 estressant d\u2019una forma molt m\u00e9s sana, aconseguint que el record no reaparegui amb la mateixa intensitat i sense els s\u00edmptomes d\u2019ansietat, angoixa o <a href=\"http:\/\/www.tupsicologobarcelona.com\/ca\/psicologia\/estres\">estr\u00e8s<\/a>.<\/p>\n","protected":false},"excerpt":{"rendered":"<p>Quan una persona ha patit una situaci\u00f3 de molta por, ansietat o angoixa, quan ha sentit que d\u2019alguna manera la seva vida podria haver estat en algun perill, \u00e9s pot precipitar un trastorn per estr\u00e8s posttraum\u00e0tic o TEPT. Aquest trastorn es caracteritza per records o somnis intrusius recurrents que apareixen en forma de pensaments o [&hellip;]<\/p>\n","protected":false},"author":1,"featured_media":0,"parent":271,"menu_order":0,"comment_status":"closed","ping_status":"closed","template":"","meta":{"footnotes":""},"class_list":["post-294","page","type-page","status-publish","hentry"],"_links":{"self":[{"href":"https:\/\/www.tupsicologobarcelona.com\/ca\/wp-json\/wp\/v2\/pages\/294","targetHints":{"allow":["GET"]}}],"collection":[{"href":"https:\/\/www.tupsicologobarcelona.com\/ca\/wp-json\/wp\/v2\/pages"}],"about":[{"href":"https:\/\/www.tupsicologobarcelona.com\/ca\/wp-json\/wp\/v2\/types\/page"}],"author":[{"embeddable":true,"href":"https:\/\/www.tupsicologobarcelona.com\/ca\/wp-json\/wp\/v2\/users\/1"}],"replies":[{"embeddable":true,"href":"https:\/\/www.tupsicologobarcelona.com\/ca\/wp-json\/wp\/v2\/comments?post=294"}],"version-history":[{"count":5,"href":"https:\/\/www.tupsicologobarcelona.com\/ca\/wp-json\/wp\/v2\/pages\/294\/revisions"}],"predecessor-version":[{"id":424,"href":"https:\/\/www.tupsicologobarcelona.com\/ca\/wp-json\/wp\/v2\/pages\/294\/revisions\/424"}],"up":[{"embeddable":true,"href":"https:\/\/www.tupsicologobarcelona.com\/ca\/wp-json\/wp\/v2\/pages\/271"}],"wp:attachment":[{"href":"https:\/\/www.tupsicologobarcelona.com\/ca\/wp-json\/wp\/v2\/media?parent=294"}],"curies":[{"name":"wp","href":"https:\/\/api.w.org\/{rel}","templated":true}]}}