{"id":298,"date":"2016-01-24T12:57:00","date_gmt":"2016-01-24T11:57:00","guid":{"rendered":"http:\/\/www.tupsicologobarcelona.com\/?page_id=298"},"modified":"2016-02-12T14:03:29","modified_gmt":"2016-02-12T13:03:29","slug":"tractament-online-neuropsicologia","status":"publish","type":"page","link":"https:\/\/www.tupsicologobarcelona.com\/ca\/tractaments-online\/tractament-online-neuropsicologia","title":{"rendered":"Tractament online de neuropsicologia"},"content":{"rendered":"<p><a href=\"https:\/\/www.gnpt.es\/ca\" target=\"_blank\"><strong>Guttmann NeuroPersonalTrainer<\/strong><\/a>\u00ae \u00e9s una plataforma de telemedicina que permet realitzar a distancia <strong>rehabilitaci\u00f3<\/strong> i <strong>estimulaci\u00f3 cognitiva<\/strong>. Desenvolupada i patentada per l\u2019<strong>Institut Guttmann<\/strong>, aquesta eina permet facilitar un pla terap\u00e8utic personalitzat a partir d&#8217;una <a href=\"http:\/\/www.tupsicologobarcelona.com\/ca\/neuropsicologia\/exploracio-neuropsicologica\">exploraci\u00f3 neuropsicol\u00f2gica<\/a> inicial del pacient, adaptant-se en funci\u00f3 del seu rendiment a l\u2019hora de resoldre els exercicis. Els exercicis del <strong>NPT<\/strong> es planifiquen autom\u00e0ticament en funci\u00f3 del perfil de cada pacient. El sistema revisa l&#8217;execuci\u00f3 de cada exercici i, en funci\u00f3 dels resultats, adapta la seg\u00fcent execuci\u00f3 amb una tasca m\u00e9s o menys dif\u00edcil. Aquesta plataforma permet el tractament de les persones amb alteracions cognitives en els \u00e0mbits de les dem\u00e8ncies, la salut mental o la discapacitat intel\u00b7lectual.<\/p>\n<p>Els resultats obtinguts, segons l\u2019Institut Guttmann, indiquen que un 72% dels pacients amb dany cerebral adquirit han millorat el seu rendiment cognitiu en funcions com la <strong>mem\u00f2ria, l\u2019atenci\u00f3,<\/strong> el <strong>c\u00e0lcul,<\/strong> les <strong>funcions executives<\/strong> o el <strong>llenguatge.<\/strong><\/p>\n<p>La figura del neuropsic\u00f2leg segueix sent molt important, tamb\u00e9, en aquesta modalitat. Des de la consulta es t\u00e9 control de tot el sistema, des d\u2019on es pot seguir l&#8217;evoluci\u00f3 de la realitzaci\u00f3 dels exercicis i de la consecuci\u00f3 dels objectius i mantenir contacte directe amb l&#8217;usuari i\/o fam\u00edlia a trav\u00e9s de videoconfer\u00e8ncia. Aquest contacte permet con\u00e8ixer de primera m\u00e0 les possibles dificultats que poden apar\u00e8ixer durant la ter\u00e0pia cognitiva.<\/p>\n<p>D&#8217;entre els usuaris que utilitzen aquest recurs n&#8217;hi ha d&#8217;edat avan\u00e7ada que mai no han utilitzat un ordinador. Tot i que pugui resultar sorprenent, aquests usuaris s&#8217;adapten molt r\u00e0pid, ja que el sistema \u00e9s molt intu\u00eftiu.<\/p>\n<p>Aquest recurs s\u2019ofereix com una alternativa quan el despla\u00e7ament a la consulta no \u00e9s possible i com un servei addicional al tractament presencial. En funci\u00f3 de cada cas, el <strong>tractament<\/strong> es pot realitzar de forma cont\u00ednua, semi-intensiva o intensiva.<\/p>\n<p>Les sessions que es proposen tenen una hora de durada, el temps adequat per a la realitzaci\u00f3 dels exercicis cognitius que s\u2019hi plantegen.<\/p>\n","protected":false},"excerpt":{"rendered":"<p>Guttmann NeuroPersonalTrainer\u00ae \u00e9s una plataforma de telemedicina que permet realitzar a distancia rehabilitaci\u00f3 i estimulaci\u00f3 cognitiva. Desenvolupada i patentada per l\u2019Institut Guttmann, aquesta eina permet facilitar un pla terap\u00e8utic personalitzat a partir d&#8217;una exploraci\u00f3 neuropsicol\u00f2gica inicial del pacient, adaptant-se en funci\u00f3 del seu rendiment a l\u2019hora de resoldre els exercicis. Els exercicis del NPT es [&hellip;]<\/p>\n","protected":false},"author":1,"featured_media":140,"parent":296,"menu_order":0,"comment_status":"closed","ping_status":"closed","template":"","meta":{"footnotes":""},"class_list":["post-298","page","type-page","status-publish","has-post-thumbnail","hentry"],"_links":{"self":[{"href":"https:\/\/www.tupsicologobarcelona.com\/ca\/wp-json\/wp\/v2\/pages\/298","targetHints":{"allow":["GET"]}}],"collection":[{"href":"https:\/\/www.tupsicologobarcelona.com\/ca\/wp-json\/wp\/v2\/pages"}],"about":[{"href":"https:\/\/www.tupsicologobarcelona.com\/ca\/wp-json\/wp\/v2\/types\/page"}],"author":[{"embeddable":true,"href":"https:\/\/www.tupsicologobarcelona.com\/ca\/wp-json\/wp\/v2\/users\/1"}],"replies":[{"embeddable":true,"href":"https:\/\/www.tupsicologobarcelona.com\/ca\/wp-json\/wp\/v2\/comments?post=298"}],"version-history":[{"count":2,"href":"https:\/\/www.tupsicologobarcelona.com\/ca\/wp-json\/wp\/v2\/pages\/298\/revisions"}],"predecessor-version":[{"id":412,"href":"https:\/\/www.tupsicologobarcelona.com\/ca\/wp-json\/wp\/v2\/pages\/298\/revisions\/412"}],"up":[{"embeddable":true,"href":"https:\/\/www.tupsicologobarcelona.com\/ca\/wp-json\/wp\/v2\/pages\/296"}],"wp:featuredmedia":[{"embeddable":true,"href":"https:\/\/www.tupsicologobarcelona.com\/ca\/wp-json\/wp\/v2\/media\/140"}],"wp:attachment":[{"href":"https:\/\/www.tupsicologobarcelona.com\/ca\/wp-json\/wp\/v2\/media?parent=298"}],"curies":[{"name":"wp","href":"https:\/\/api.w.org\/{rel}","templated":true}]}}