{"id":300,"date":"2016-01-24T12:53:54","date_gmt":"2016-01-24T11:53:54","guid":{"rendered":"http:\/\/www.tupsicologobarcelona.com\/?page_id=300"},"modified":"2016-02-14T12:47:38","modified_gmt":"2016-02-14T11:47:38","slug":"tractament-online-psicologia","status":"publish","type":"page","link":"https:\/\/www.tupsicologobarcelona.com\/ca\/tractaments-online\/tractament-online-psicologia","title":{"rendered":"Tractament online de psicologia"},"content":{"rendered":"<p>En la societat actual portem un ritme de vida accelerat que ens fa sentir que de vegades ens falta temps per arribar a tot. Si de fet trobar temps per iniciar noves activitats ens costa molt, no \u00e9s estrany que una de les excuses m\u00e9s freq\u00fcents sigui trobar el moment per anar a ter\u00e0pia. Per aquest motiu, fa anys que s\u2019ha anat implementant la modalitat de <strong>psicologia online<\/strong>.<\/p>\n<p>Actualment, gr\u00e0cies als aven\u00e7os tecnol\u00f2gics, l\u2019acc\u00e9s a aquesta forma de rebre el servei \u00e9s a l\u2019abast de gaireb\u00e9 tothom i \u00e9s un recurs molt c\u00f2mode que permet simultane\u00eftat de comunicaci\u00f3. Fa uns anys, quan les comunicacions no eren tan eficients com ara, s\u00ed que s\u2019evidenciaven problemes i una clara predilecci\u00f3 pel mode presencial. Ara mateix els resultats que s\u2019han obtingut s\u00f3n tan bons com quan les sessions es realitzen cara a cara.<\/p>\n<p>La <strong>ter\u00e0pia online<\/strong> permet solucionar aquesta <strong>manca de temps<\/strong> en els despla\u00e7aments, continuar els <strong>tractaments<\/strong> en cas de que la persona hagi de canviar de resid\u00e8ncia, o b\u00e9 perqu\u00e8 es trobi en un altre pa\u00eds i vulgui ser atesa en el seu idioma.<\/p>\n<p>Evidentment, hi ha algun desavantatge com el fet de no poder veure completament l\u2019altra persona i perdre informaci\u00f3 no verbal. \u00c9s sobretot a l\u2019inici d\u2019una ter\u00e0pia quan es nota m\u00e9s aquest desavantatge, per\u00f2 en unes sessions desapareix l\u2019inconvenient.<\/p>\n<p>Tamb\u00e9 \u00e9s cert que la ter\u00e0pia online t\u00e9 els seus <strong>avantatges.<\/strong> A banda de ser m\u00e9s immediata, en alguns casos, com en l\u2019<a href=\"http:\/\/www.tupsicologobarcelona.com\/ca\/psicologia\/fobies\">agoraf\u00f2bia<\/a>, pot ser beneficiosa l\u2019aproximaci\u00f3 online per comen\u00e7ar a forjar l\u2019alian\u00e7a terap\u00e8utica.<\/p>\n","protected":false},"excerpt":{"rendered":"<p>En la societat actual portem un ritme de vida accelerat que ens fa sentir que de vegades ens falta temps per arribar a tot. Si de fet trobar temps per iniciar noves activitats ens costa molt, no \u00e9s estrany que una de les excuses m\u00e9s freq\u00fcents sigui trobar el moment per anar a ter\u00e0pia. Per [&hellip;]<\/p>\n","protected":false},"author":1,"featured_media":143,"parent":296,"menu_order":0,"comment_status":"closed","ping_status":"closed","template":"","meta":{"footnotes":""},"class_list":["post-300","page","type-page","status-publish","has-post-thumbnail","hentry"],"_links":{"self":[{"href":"https:\/\/www.tupsicologobarcelona.com\/ca\/wp-json\/wp\/v2\/pages\/300","targetHints":{"allow":["GET"]}}],"collection":[{"href":"https:\/\/www.tupsicologobarcelona.com\/ca\/wp-json\/wp\/v2\/pages"}],"about":[{"href":"https:\/\/www.tupsicologobarcelona.com\/ca\/wp-json\/wp\/v2\/types\/page"}],"author":[{"embeddable":true,"href":"https:\/\/www.tupsicologobarcelona.com\/ca\/wp-json\/wp\/v2\/users\/1"}],"replies":[{"embeddable":true,"href":"https:\/\/www.tupsicologobarcelona.com\/ca\/wp-json\/wp\/v2\/comments?post=300"}],"version-history":[{"count":3,"href":"https:\/\/www.tupsicologobarcelona.com\/ca\/wp-json\/wp\/v2\/pages\/300\/revisions"}],"predecessor-version":[{"id":422,"href":"https:\/\/www.tupsicologobarcelona.com\/ca\/wp-json\/wp\/v2\/pages\/300\/revisions\/422"}],"up":[{"embeddable":true,"href":"https:\/\/www.tupsicologobarcelona.com\/ca\/wp-json\/wp\/v2\/pages\/296"}],"wp:featuredmedia":[{"embeddable":true,"href":"https:\/\/www.tupsicologobarcelona.com\/ca\/wp-json\/wp\/v2\/media\/143"}],"wp:attachment":[{"href":"https:\/\/www.tupsicologobarcelona.com\/ca\/wp-json\/wp\/v2\/media?parent=300"}],"curies":[{"name":"wp","href":"https:\/\/api.w.org\/{rel}","templated":true}]}}