{"id":890,"date":"2020-09-06T19:37:11","date_gmt":"2020-09-06T17:37:11","guid":{"rendered":"https:\/\/www.tupsicologobarcelona.com\/?page_id=890"},"modified":"2020-09-24T11:28:21","modified_gmt":"2020-09-24T09:28:21","slug":"terapia-amb-realitat-virtual","status":"publish","type":"page","link":"https:\/\/www.tupsicologobarcelona.com\/ca\/psicologia\/terapia-amb-realitat-virtual","title":{"rendered":"Ter\u00e0pia amb realitat virtual"},"content":{"rendered":"<p>Totes les problem\u00e0tiques s\u00f3n diferents i per tant, s\u2019han de tractar de diverses formes. Algunes es poden abordar i resoldre dins de la consulta i d\u2019altres requereixen <strong>ter\u00e0pia d\u2019exposici\u00f3<\/strong> directament a les situacions. Alguns contextos s\u00f3n f\u00e0cils i accessibles de reproduir, per\u00f2 hi ha situacions com la <strong>f\u00f2bia a volar<\/strong> en avi\u00f3, la <strong>f\u00f2bia a les agulles<\/strong>, la <strong>f\u00f2bia a la sang<\/strong>&#8230; que s\u00f3n m\u00e9s complicades de simular.<\/p>\n<p>Fins fa poc temps, les \u00faniques alternatives amb les que compt\u00e0vem els psic\u00f2legs per fer aquests tractaments era demanar als pacients que imaginessin com eren aquestes situacions i, a trav\u00e9s d\u2019aqu\u00ed, de la seva pr\u00f2pia capacitat creativa, que s\u2019exposessin. L\u00f2gicament, la capacitat d\u2019imaginaci\u00f3 de cadasc\u00fa de nosaltres no \u00e9s la mateixa i amb m\u00e9s o menys mesura, el cervell sap que estem en una situaci\u00f3 no real. \u00c9s per aquest motiu, les ter\u00e0pies d\u2019exposici\u00f3 a trav\u00e9s de la imaginaci\u00f3 sempre han tingut beneficis m\u00e9s escassos quan es comparen amb les exposicions \u201cen viu\u201d, en el context real.<\/p>\n<p>Afortunadament, ara comptem amb un desenvolupament tecnol\u00f2gic que ens permet exposar-nos a trav\u00e9s de <strong>realitat virtual<\/strong> i <strong>realitat augmentada<\/strong> a aquestes situacions de forma molt realista.<\/p>\n<p>Al nostre equip utilitzem la plataforma <a href=\"http:\/\/psious.com\/es\/terapia-psicologica-realidad-virtual\/\" target=\"_blank\" rel=\"noopener noreferrer\"><strong>PSIOUS<\/strong><\/a>, que disposa de gaireb\u00e9 un centenar d\u2019entorns i escenes virtuals per tractar diferents psicopatologies. Permet tractar diversos tipus de <strong>trastorns d\u2019ansietat<\/strong> (<a href=\"https:\/\/www.tupsicologobarcelona.com\/ca\/psicologia\/fobies\"><strong>f\u00f2bies<\/strong><\/a>, <strong><a href=\"https:\/\/www.tupsicologobarcelona.com\/ca\/psicologia\/ansietat\">ansietat<\/a> generalitzada<\/strong>, <strong>ansietat social<\/strong>, <strong>por a parlar en p\u00fablic<\/strong>, <strong>agoraf\u00f2bia<\/strong>) i <a href=\"https:\/\/www.tupsicologobarcelona.com\/ca\/neuropsicologia\/tdah\"><strong>trastorns de l\u2019atenci\u00f3<\/strong><\/a> entre d\u2019altres. Cal tenir present que dues persones que poden tenir, per exemple, <strong>f\u00f2bia a les al\u00e7ades<\/strong>, no tenen perqu\u00e8 respondre amb el mateix grau de por davant una al\u00e7ada determinada i en una determinat context. Els entorns virtuals permeten no nom\u00e9s la reproducci\u00f3 dels escenaris i dels est\u00edmuls que es vulguin tractar, sin\u00f3 que permeten manipular moltes variables amb la finalitat d\u2019adaptar cada pr\u00e0ctica a les caracter\u00edstiques de la persona.<\/p>\n<p>Aquest sistema permet a la persona posar en pr\u00e0ctica els diferents exercicis i estrat\u00e8gies (<strong>t\u00e8cniques de respiraci\u00f3 i relaxaci\u00f3<\/strong>, <strong>entrenament en autoinstruccions<\/strong>, en <strong>habilitats socials<\/strong>&#8230;) que en cada sessi\u00f3 es van ensenyant i practicant. D\u2019aquesta forma, el cos i la ment deixen d\u2019associar una determinada situaci\u00f3 a una resposta emocional tan invalidant com ho havia estat fins aquell moment.<\/p>\n","protected":false},"excerpt":{"rendered":"<p>Totes les problem\u00e0tiques s\u00f3n diferents i per tant, s\u2019han de tractar de diverses formes. Algunes es poden abordar i resoldre dins de la consulta i d\u2019altres requereixen ter\u00e0pia d\u2019exposici\u00f3 directament a les situacions. Alguns contextos s\u00f3n f\u00e0cils i accessibles de reproduir, per\u00f2 hi ha situacions com la f\u00f2bia a volar en avi\u00f3, la f\u00f2bia a [&hellip;]<\/p>\n","protected":false},"author":1,"featured_media":985,"parent":271,"menu_order":0,"comment_status":"closed","ping_status":"closed","template":"","meta":{"footnotes":""},"class_list":["post-890","page","type-page","status-publish","has-post-thumbnail","hentry"],"_links":{"self":[{"href":"https:\/\/www.tupsicologobarcelona.com\/ca\/wp-json\/wp\/v2\/pages\/890","targetHints":{"allow":["GET"]}}],"collection":[{"href":"https:\/\/www.tupsicologobarcelona.com\/ca\/wp-json\/wp\/v2\/pages"}],"about":[{"href":"https:\/\/www.tupsicologobarcelona.com\/ca\/wp-json\/wp\/v2\/types\/page"}],"author":[{"embeddable":true,"href":"https:\/\/www.tupsicologobarcelona.com\/ca\/wp-json\/wp\/v2\/users\/1"}],"replies":[{"embeddable":true,"href":"https:\/\/www.tupsicologobarcelona.com\/ca\/wp-json\/wp\/v2\/comments?post=890"}],"version-history":[{"count":9,"href":"https:\/\/www.tupsicologobarcelona.com\/ca\/wp-json\/wp\/v2\/pages\/890\/revisions"}],"predecessor-version":[{"id":943,"href":"https:\/\/www.tupsicologobarcelona.com\/ca\/wp-json\/wp\/v2\/pages\/890\/revisions\/943"}],"up":[{"embeddable":true,"href":"https:\/\/www.tupsicologobarcelona.com\/ca\/wp-json\/wp\/v2\/pages\/271"}],"wp:featuredmedia":[{"embeddable":true,"href":"https:\/\/www.tupsicologobarcelona.com\/ca\/wp-json\/wp\/v2\/media\/985"}],"wp:attachment":[{"href":"https:\/\/www.tupsicologobarcelona.com\/ca\/wp-json\/wp\/v2\/media?parent=890"}],"curies":[{"name":"wp","href":"https:\/\/api.w.org\/{rel}","templated":true}]}}