{"id":905,"date":"2020-09-06T19:44:31","date_gmt":"2020-09-06T17:44:31","guid":{"rendered":"https:\/\/www.tupsicologobarcelona.com\/?page_id=905"},"modified":"2020-09-06T19:55:07","modified_gmt":"2020-09-06T17:55:07","slug":"psicologia-coaching","status":"publish","type":"page","link":"https:\/\/www.tupsicologobarcelona.com\/ca\/psicologia\/psicologia-coaching","title":{"rendered":"Psicologia coaching"},"content":{"rendered":"<p>La <strong>psicologia coaching<\/strong> \u00e9s una metodologia centrada en el proc\u00e9s de canvi a trav\u00e9s del qual la <a href=\"https:\/\/www.tupsicologobarcelona.com\/ca\/equip\/ester-callado\"><strong>psic\u00f2loga coach<\/strong><\/a> proporciona eines al client per facilitar l\u2019aprenentatge i l\u2019assoliment dels objectius proposats. Permet identificar i solucionar aquells obstacles que impedeixen la persona arribar als seus objectius, aix\u00ed com tamb\u00e9 establir noves fites per al seu creixement i l\u2019autolideratge personal.<\/p>\n<p>L\u2019objectiu principal d\u2019un proc\u00e9s de psicologia coaching \u00e9s el de facilitar i promoure canvis positius a les persones per tal que puguin assolir els seus objectius el m\u00e9s r\u00e0pidament possible.<\/p>\n<p>La psic\u00f2loga coach \u00e9s una professional de la psicologia amb formaci\u00f3 espec\u00edfica en coaching, acreditada pel Col\u00b7legi Oficial de Psicologia de Catalunya. La professional adapta i integra diferents models de forma flexible adaptant-se a les caracter\u00edstiques de cada client per tal que assoleixi els seus objectius professionals i\/o personals.<\/p>\n<p>Es tracta d\u2019un <strong>proc\u00e8s d\u2019empoderament<\/strong> i <strong>autolideratge<\/strong> que normalment consta d\u2019entre 8 i 10 sessions, amb una durada d\u2019aproximadament 1 hora cada sessi\u00f3. A la primera sessi\u00f3 es defineix l\u2019objectiu final a assolir i s\u2019estableix l\u2019itinerari a seguir.<\/p>\n<p>Alguns exemples gen\u00e8rics d\u2019objectius treballats a trav\u00e9s de la psicologia coaching son: <strong>creixement personal<\/strong>, <strong>autoconfian\u00e7a<\/strong>, <strong>habilitats comunicatives<\/strong>, <strong>efectivitat d\u2019un equip<\/strong>, <strong>equilibri personal-laboral<\/strong>, <strong>pensament estrat\u00e8gic<\/strong>, <strong>carrera professional<\/strong>, acompanyament dins de <strong>canvis vitals<\/strong> com l\u2019adolesc\u00e8ncia o la jubilaci\u00f3, la <strong>gesti\u00f3 de l\u2019error<\/strong>, etc.<\/p>\n<p>S\u2019estableixen dos tipologies de serveis:<\/p>\n<h2>Psicologia coaching personal<\/h2>\n<p>En les sessions de psicologia coaching personal, es treballa l\u2019acompanyament individual per a l\u2019autoconeixement i empoderament mitjan\u00e7ant eines que faciliten la consecuci\u00f3 d\u2019objectius. En aquest \u00e0mbit es realitza l&#8217;acompanyament a l\u2019etapa de l\u2019adolesc\u00e8ncia i a l\u2019etapa adulta, gestionant els canvis caracter\u00edstics de cada etapa vital.<\/p>\n<h2>Psicologia coaching empresarial<\/h2>\n<ul>\n<li><strong>Individual<\/strong>: Acompanyament per al desenvolupament de compet\u00e8ncies per gestionar possibles problemes dins l\u2019\u00e0mbit laboral. Es proporcionen eines per a l\u2019autolideratge i per a la gesti\u00f3 d\u2019equips.<\/li>\n<li><strong>Grupal<\/strong>: Sessions d\u2019equip per poder millorar l\u2019efectivitat mitjan\u00e7ant la gesti\u00f3 de la comunicaci\u00f3 i l\u2019assoliment d\u2019objectius. El procediment compta amb un contracte de confidencialitat on els objectius a assolir son validats tant pels treballadors com pels directius i es treballa conjuntament implicant totes les \u00e0rees.<\/li>\n<\/ul>\n<p>&nbsp;<\/p>\n","protected":false},"excerpt":{"rendered":"<p>La psicologia coaching \u00e9s una metodologia centrada en el proc\u00e9s de canvi a trav\u00e9s del qual la psic\u00f2loga coach proporciona eines al client per facilitar l\u2019aprenentatge i l\u2019assoliment dels objectius proposats. Permet identificar i solucionar aquells obstacles que impedeixen la persona arribar als seus objectius, aix\u00ed com tamb\u00e9 establir noves fites per al seu creixement [&hellip;]<\/p>\n","protected":false},"author":1,"featured_media":0,"parent":271,"menu_order":0,"comment_status":"closed","ping_status":"closed","template":"","meta":{"footnotes":""},"class_list":["post-905","page","type-page","status-publish","hentry"],"_links":{"self":[{"href":"https:\/\/www.tupsicologobarcelona.com\/ca\/wp-json\/wp\/v2\/pages\/905","targetHints":{"allow":["GET"]}}],"collection":[{"href":"https:\/\/www.tupsicologobarcelona.com\/ca\/wp-json\/wp\/v2\/pages"}],"about":[{"href":"https:\/\/www.tupsicologobarcelona.com\/ca\/wp-json\/wp\/v2\/types\/page"}],"author":[{"embeddable":true,"href":"https:\/\/www.tupsicologobarcelona.com\/ca\/wp-json\/wp\/v2\/users\/1"}],"replies":[{"embeddable":true,"href":"https:\/\/www.tupsicologobarcelona.com\/ca\/wp-json\/wp\/v2\/comments?post=905"}],"version-history":[{"count":6,"href":"https:\/\/www.tupsicologobarcelona.com\/ca\/wp-json\/wp\/v2\/pages\/905\/revisions"}],"predecessor-version":[{"id":958,"href":"https:\/\/www.tupsicologobarcelona.com\/ca\/wp-json\/wp\/v2\/pages\/905\/revisions\/958"}],"up":[{"embeddable":true,"href":"https:\/\/www.tupsicologobarcelona.com\/ca\/wp-json\/wp\/v2\/pages\/271"}],"wp:attachment":[{"href":"https:\/\/www.tupsicologobarcelona.com\/ca\/wp-json\/wp\/v2\/media?parent=905"}],"curies":[{"name":"wp","href":"https:\/\/api.w.org\/{rel}","templated":true}]}}